{"id":47,"date":"2011-04-28T19:06:21","date_gmt":"2011-04-28T19:06:21","guid":{"rendered":"http:\/\/fotostudio-essen.de\/?page_id=47"},"modified":"2025-01-20T13:29:08","modified_gmt":"2025-01-20T13:29:08","slug":"unternehmen","status":"publish","type":"page","link":"https:\/\/fotostudio-essen.de\/?page_id=47","title":{"rendered":"Unternehmen"},"content":{"rendered":"<h3>Bild- und Videol\u00f6sungen voller Lebensfreude: Willkommen im FOTOSTUDIO ESSEN!<\/h3>\n<p>Das FOTOSTUDIO ESSEN ist Ihr Spezialist f\u00fcr digitale Businessfotografie und Videoproduktion \u2013 2006 mit Sitz in Essen gegr\u00fcndet und Mitglied im Programm des Nikon Professional Service (NPS).<br \/>\nUnsere Aufnahmen und Videos entstehen entweder im eigenen Fotostudio in Essen-Bredeney, bei unseren Kunden vor Ort oder bundesweit \u201eon location\u201c. Was uns auszeichnet, sind nicht nur technisch hochwertige fotografische und filmische Ergebnisse, sondern unser Engagement, Ihnen mit Kopf, Herz, Hand und gutem Auge bei der visuellen Umsetzung Ihrer Ziele zu helfen. Erfolgreiche und langj\u00e4hrige Kundenbeziehungen sind unser Wunsch, Antrieb und unsere beste <a href=\"https:\/\/fotostudio-essen.de\/?page_id=45\"><u>Referenz<\/u><\/a>.<\/p>\n<p><strong>Ob auf Grundlage eines detaillierten Briefings oder eines eigens f\u00fcr Sie entwickelten Konzepts <\/strong>\u2013<strong> wir kreieren Fotos und Videos\/Bewegtbilder, die Ihre Visionen und Ziele wirkungsvoll umsetzen!<\/strong><\/p>\n<p>Kreativer Kopf des Fotostudios ist Dr. Claudia Posern. Mit ihrem einschl\u00e4gigen Fachwissen aus der zeitgen\u00f6ssischen bildenden Kunst und dem Marketing verkn\u00fcpft sie effektvolle Bildinszenierungen mit Ihrer Markenbotschaft. Nach ihrem Kunststudium und dem Schwerpunkt Fotografie an der heutigen Folkwang-Hochschule in Essen arbeitete sie mehrere Jahre in leitender Position in Werbung und Verlagswesen, bevor sie 2008 in Kunst- und Designwissenschaften promovierte. Seit 1995 pr\u00e4sentiert sie ihre k\u00fcnstlerische Arbeit in zahlreichen Gruppen- und Einzelausstellungen.<\/p>\n<div style=\"width: 640px;\" class=\"wp-video\"><video class=\"wp-video-shortcode\" id=\"video-47-1\" width=\"640\" height=\"360\" poster=\"https:\/\/fotostudio-essen.de\/wp-content\/uploads\/2025\/01\/Standbild_Video.jpg\" preload=\"metadata\" controls=\"controls\"><source type=\"video\/mp4\" src=\"https:\/\/fotostudio-essen.de\/wp-content\/uploads\/2022\/12\/fse.mp4?_=1\" \/><a href=\"https:\/\/fotostudio-essen.de\/wp-content\/uploads\/2022\/12\/fse.mp4\">https:\/\/fotostudio-essen.de\/wp-content\/uploads\/2022\/12\/fse.mp4<\/a><\/video><\/div>\n","protected":false},"excerpt":{"rendered":"<p>Bild- und Videol\u00f6sungen voller Lebensfreude: Willkommen im FOTOSTUDIO ESSEN! Das FOTOSTUDIO ESSEN ist Ihr Spezialist f\u00fcr digitale Businessfotografie und Videoproduktion \u2013 2006 mit Sitz in Essen gegr\u00fcndet und Mitglied im Programm des Nikon Professional Service (NPS). Unsere Aufnahmen und Videos &hellip; <a href=\"https:\/\/fotostudio-essen.de\/?page_id=47\">Weiterlesen <span class=\"meta-nav\">&rarr;<\/span><\/a><\/p>\n","protected":false},"author":3,"featured_media":2921,"parent":0,"menu_order":3,"comment_status":"closed","ping_status":"open","template":"","meta":{"_acf_changed":false,"footnotes":""},"class_list":["post-47","page","type-page","status-publish","has-post-thumbnail","hentry"],"acf":[],"_links":{"self":[{"href":"https:\/\/fotostudio-essen.de\/index.php?rest_route=\/wp\/v2\/pages\/47","targetHints":{"allow":["GET"]}}],"collection":[{"href":"https:\/\/fotostudio-essen.de\/index.php?rest_route=\/wp\/v2\/pages"}],"about":[{"href":"https:\/\/fotostudio-essen.de\/index.php?rest_route=\/wp\/v2\/types\/page"}],"author":[{"embeddable":true,"href":"https:\/\/fotostudio-essen.de\/index.php?rest_route=\/wp\/v2\/users\/3"}],"replies":[{"embeddable":true,"href":"https:\/\/fotostudio-essen.de\/index.php?rest_route=%2Fwp%2Fv2%2Fcomments&post=47"}],"version-history":[{"count":27,"href":"https:\/\/fotostudio-essen.de\/index.php?rest_route=\/wp\/v2\/pages\/47\/revisions"}],"predecessor-version":[{"id":2931,"href":"https:\/\/fotostudio-essen.de\/index.php?rest_route=\/wp\/v2\/pages\/47\/revisions\/2931"}],"wp:featuredmedia":[{"embeddable":true,"href":"https:\/\/fotostudio-essen.de\/index.php?rest_route=\/wp\/v2\/media\/2921"}],"wp:attachment":[{"href":"https:\/\/fotostudio-essen.de\/index.php?rest_route=%2Fwp%2Fv2%2Fmedia&parent=47"}],"curies":[{"name":"wp","href":"https:\/\/api.w.org\/{rel}","templated":true}]}}