{"id":45,"date":"2011-04-28T19:06:02","date_gmt":"2011-04-28T19:06:02","guid":{"rendered":"http:\/\/fotostudio-essen.de\/?page_id=45"},"modified":"2025-01-16T13:39:35","modified_gmt":"2025-01-16T13:39:35","slug":"referenzen","status":"publish","type":"page","link":"https:\/\/fotostudio-essen.de\/?page_id=45","title":{"rendered":"Referenzen"},"content":{"rendered":"<p><strong>Automotive<\/strong><br \/>\nAMG Performance Center, Essen<br \/>\nGEFA Fahrzeuglackiererei und Unfallschadenbeseitigung, Bochum<br \/>\nGEWA Karosserie- und Fahrzeugbau GmbH, Essen<br \/>\nLUEG AG &amp; Co. KG, Bochum<br \/>\nLUEG sportivo GmbH, Meerbusch<br \/>\nRuhrdeich-Holding GmbH, Duisburg<br \/>\nVolvo Centrum Rhein Ruhr GmbH, M\u00fclheim I Witten<\/p>\n<p><strong>Bildung<br \/>\n<\/strong>BEW \u2013 Bildungszentrum f\u00fcr die Ver- und Entsorgungswirtschaft gGmbH, Essen I Duisburg<br \/>\nGEW Gewerkschaft Erziehung und Wissenschaft NRW, Essen<br \/>\nHRW Hochschule Ruhr West, M\u00fclheim | Bottrop<br \/>\nLandeshauptstadt D\u00fcsseldorf, Competence Center Begabtenf\u00f6rderung (CCB), D\u00fcsseldorf<br \/>\nMSW Ministerium f\u00fcr Schule und Weiterbildung des Landes NRW, D\u00fcsseldorf<strong>\u00a0<\/strong><\/p>\n<p><strong>Dienstleistungen<\/strong><br \/>\nAECOM Deutschland GmbH, Essen<br \/>\nBoden Beratungs- und Investment GmbH, Essen<br \/>\nB\u00f6nders GmbH Logistics, Duisburg<br \/>\nDextraData GmbH, Essen<br \/>\nDFH Deutsche Fertighaus Holding AG, Simmern<br \/>\nGLS General Logistics Systems Germany GmbH &amp; Co. OHG, Essen<br \/>\nImmobilien Atelier Teresa In\u00e1cio, Hattingen<br \/>\nLandgard Fachhandel GmbH &amp; Co KG, Straelen-Herongen<br \/>\nLandgard Obst &amp; Gem\u00fcse GmbH &amp; CO KG, Straelen-Herongen<br \/>\nMalerbetrieb Volker Grafe, Essen<br \/>\nMa\u00dfgenau Bodendesign, Essen<br \/>\nMeissner &amp; Vorwerk Immobilien, Essen<br \/>\nPhilipps GmbH &amp; Co. KG, Bochum<br \/>\nPlanungsb\u00fcro Ruhnke &amp; Partner, Hattingen<br \/>\nQuatermann Supervision I Coaching I Entwicklung, Essen<br \/>\nRechtsanw\u00e4lte Dr. Spiekermann, Blang Partnerschaft mbB, Duisburg<br \/>\nRichard Bakker GmbH, Essen<br \/>\nSt\u00f6lting Security &amp; Cervice GmbH, Gelsenkirchen<br \/>\nTKD G\u00fcterkraftverkehr GmbH, Bochum<br \/>\nTrecon Managementberatung GmbH, Essen<br \/>\nTUBAL Touristik Consulting GmbH<br \/>\nWolfgang Jaentsch Steuerberater, Essen<\/p>\n<p><strong>Energie und Rohstoff<\/strong><br \/>\nDeutsche Energie-Agentur GmbH (dena), Berlin<br \/>\nEngie Deutschland GmbH, Essen<br \/>\nE.ON Ruhrgas AG, Essen<br \/>\nE.ON Energy Trading, D\u00fcsseldorf<br \/>\nFraunhofer-Institut f\u00fcr Umwelt-, Sicherheits- und Energietechnik, Oberhausen<br \/>\nIEU Initiative Erdgas pro Umwelt, Essen<\/p>\n<p><strong>Hotel und Gastronomie<\/strong><br \/>\nBliss, Essen<br \/>\nChopstix Finest Asian Food, Essen<br \/>\nRotisserie du Sommelier, Essen<br \/>\nWaldhotel, Heiligenhaus<br \/>\nZodiac Pizza, Essen I M\u00fcnchen<\/p>\n<p><strong>Industrie und Handel<\/strong><br \/>\navdo design GmbH, M\u00fclheim<br \/>\nBibus Metals GmbH, Essen I Wagh\u00e4usel<br \/>\nIHK zu Essen<br \/>\nIKEA Einrichtungshaus, Essen<br \/>\nKraft Foods Deutschland Services GmbH &amp; Co. KG, Bremen<br \/>\nM\u00f6bel Hensel GmbH, Essen<br \/>\nPhilips Deutschland GmbH, Hamburg<br \/>\nS\u00fcd-Metall Beschl\u00e4ge GmbH, Ainring\/Hammerau<\/p>\n<p><strong>Sport &amp; Gesundheit<\/strong><br \/>\nESG \u2013 Institut f\u00fcr Ern\u00e4hrung, Sport und Gesundheitsmanagement GmbH, Essen<br \/>\nIndustrie-Apotheke, Essen<br \/>\nKinderarztpraxis Dr. med. Maria Sina und Partner, Essen<br \/>\nKletterzentrum Neoliet GmbH, Bochum<br \/>\nJL Julia Lohm\u00fcller Naturkosmetik, Essen<br \/>\nNaturheilzentrum Bottrop<br \/>\nSportforum Castrop GmbH &amp; Co.KG, Castrop-Rauxel<br \/>\nPhysiotherapie I Ergotherapie Praxis Aktas, Essen<br \/>\nPhysiotherapie Kathrin van Heek, Bochum<br \/>\nPraxis f\u00fcr Psychotherapie Stefan Friese, Essen<br \/>\nTierarztpraxis Dr. Dr\u00f6schel, Essen<br \/>\nZahnarztpraxis Dr. Beermann, Essen<br \/>\nZahnarztpraxis Dr. Gob, Essen<\/p>\n<p><strong>St\u00e4dte, Stiftungen und Vereine<\/strong><br \/>\nAlzheimer Forschung Initiative e.V., D\u00fcsseldorf<br \/>\nASB Arbeiter-Samariter-Bund, Regionalverband Ruhr e.V.<br \/>\nAmt f\u00fcr Wirtschaftsf\u00f6rderung und Standortmanagement der Stadt Bottrop<br \/>\nB\u00fcro f\u00fcr Stadtentwicklung der Stadt Essen<br \/>\nB\u00fcro f\u00fcr Stadtentwicklung der Stadt Herten<br \/>\nB\u00fcro Jutta Eckenbach MdB, Essen I Berlin<br \/>\nBundesverband Rolladen &amp; Sonnenschutz e.V., Bonn<br \/>\nBusiness Club Ruhr e.V., Essen<br \/>\nDTG Deutsche Transplantationsgesellschaft e.V., Regensburg<br \/>\nDSW 21 (Dortmunder Stadtwerke AG), Dortmund<br \/>\nEGZ Entwicklungsgesellschaft Zollverein mbH, Essen<br \/>\nFreiheit Emscher Entwicklungsgesellschaft mbH, Essen<br \/>\nFVLR Fachverband Tageslicht und Rauchschutz e.V., Detmold<br \/>\nJohanniter-Unfall-Hilfe e.V., Essen<br \/>\nLandessozialgericht NRW, Essen<br \/>\nLGH Landes-Gewerbef\u00f6rderstelle des Nordrhein-westf\u00e4lischen Handwerks e.V., D\u00fcsseldorf<br \/>\nNABU Naturschutzbund Deutschland e.V., Berlin<br \/>\nRVR Regionalverband Ruhr, Essen<br \/>\nStadtentwicklungsgesellschaft Osterholz-Scharmbeck mbH, Osterholz-Schambeck<br \/>\nStadtgespr\u00e4che Ruhr e.V., Essen<br \/>\nStadt- und Bodenentwicklungsgesellschaft mbH, Heiligenhaus<br \/>\nStifterverband f\u00fcr die Deutsche Wissenschaft e.V., Essen<\/p>\n<p><strong>Werbe-, Marketing-, PR- und Eventagenturen<\/strong><br \/>\nAlexander &amp; Partner, PR- und Eventagentur, Dresden<br \/>\nEmanate GmbH, PR Agentur, M\u00fcnchen<br \/>\nfinn &amp; sawyer Media Marketing GmbH, Essen<br \/>\nInterplan Congress, Meeting &amp; Event Management AG, M\u00fcnchen<br \/>\nK.I.T. Group GmbH, Dresden<br \/>\nKOOB Agentur f\u00fcr Public Relations GmbH, M\u00fclheim<br \/>\nPoLi Marketing GmbH, Essen<br \/>\nRies Events GmbH, Aschaffenburg<br \/>\nRDN Verlags GmbH &amp; Co. KG, Recklinghausen<br \/>\nSignum I Brands GmbH, K\u00f6ln<br \/>\nStr\u00f8m Creativ Marketing, Amsterdam<br \/>\nVan Loon Kommunikation GmbH, Essen<br \/>\nWelCom Welsing Communication, Essen<\/p>\n","protected":false},"excerpt":{"rendered":"<p>Automotive AMG Performance Center, Essen GEFA Fahrzeuglackiererei und Unfallschadenbeseitigung, Bochum GEWA Karosserie- und Fahrzeugbau GmbH, Essen LUEG AG &amp; Co. KG, Bochum LUEG sportivo GmbH, Meerbusch Ruhrdeich-Holding GmbH, Duisburg Volvo Centrum Rhein Ruhr GmbH, M\u00fclheim I Witten Bildung BEW \u2013 &hellip; <a href=\"https:\/\/fotostudio-essen.de\/?page_id=45\">Weiterlesen <span class=\"meta-nav\">&rarr;<\/span><\/a><\/p>\n","protected":false},"author":3,"featured_media":2918,"parent":0,"menu_order":2,"comment_status":"closed","ping_status":"open","template":"","meta":{"_acf_changed":false,"footnotes":""},"class_list":["post-45","page","type-page","status-publish","has-post-thumbnail","hentry"],"acf":[],"_links":{"self":[{"href":"https:\/\/fotostudio-essen.de\/index.php?rest_route=\/wp\/v2\/pages\/45","targetHints":{"allow":["GET"]}}],"collection":[{"href":"https:\/\/fotostudio-essen.de\/index.php?rest_route=\/wp\/v2\/pages"}],"about":[{"href":"https:\/\/fotostudio-essen.de\/index.php?rest_route=\/wp\/v2\/types\/page"}],"author":[{"embeddable":true,"href":"https:\/\/fotostudio-essen.de\/index.php?rest_route=\/wp\/v2\/users\/3"}],"replies":[{"embeddable":true,"href":"https:\/\/fotostudio-essen.de\/index.php?rest_route=%2Fwp%2Fv2%2Fcomments&post=45"}],"version-history":[{"count":14,"href":"https:\/\/fotostudio-essen.de\/index.php?rest_route=\/wp\/v2\/pages\/45\/revisions"}],"predecessor-version":[{"id":2916,"href":"https:\/\/fotostudio-essen.de\/index.php?rest_route=\/wp\/v2\/pages\/45\/revisions\/2916"}],"wp:featuredmedia":[{"embeddable":true,"href":"https:\/\/fotostudio-essen.de\/index.php?rest_route=\/wp\/v2\/media\/2918"}],"wp:attachment":[{"href":"https:\/\/fotostudio-essen.de\/index.php?rest_route=%2Fwp%2Fv2%2Fmedia&parent=45"}],"curies":[{"name":"wp","href":"https:\/\/api.w.org\/{rel}","templated":true}]}}