{"id":43,"date":"2011-04-28T19:05:43","date_gmt":"2011-04-28T19:05:43","guid":{"rendered":"http:\/\/fotostudio-essen.de\/?page_id=43"},"modified":"2025-01-16T14:33:05","modified_gmt":"2025-01-16T14:33:05","slug":"home","status":"publish","type":"page","link":"https:\/\/fotostudio-essen.de\/","title":{"rendered":"Home"},"content":{"rendered":"<h3>WILLKOMMEN IM FOTOSTUDIO ESSEN \u2013 IHREM PARTNER F\u00dcR PROFESSIONELLE BUSINESSFOTOGRAFIE UND VIDEOPRODUKTION IN ESSEN!<\/h3>\n<p>Wir visualisieren Ihr Image! Geben Sie Ihrem Unternehmen ein Gesicht und eine Stimme!<\/p>\n<p>Gern unterst\u00fctzen wir Sie mit aussagekr\u00e4ftiger und anspruchsvoller Werbefotografie sowie hochwertigen Videos und Bewegtbildern f\u00fcr die Visualisierung Ihrer Webseiten, Brosch\u00fcren, Flyer und SocialMedia-Aktivit\u00e4ten.<\/p>\n<p><strong>Unsere Dienstleistungen umfassen:<\/strong><\/p>\n<ul>\n<li><strong>Businessfotografie: Portrait-, Produkt-, Gesch\u00e4ftsraum-\/Architektur- und Eventfotografie, die Ihre Professionalit\u00e4t und Einzigartigkeit hervorhebt.<\/strong><\/li>\n<li><strong>Videoproduktion: Imagefilme, Produktvideos und Kurzvideos, die Ihre Botschaften lebendig und einpr\u00e4gsam vermitteln.<\/strong><\/li>\n<li><strong>Luftbilder (Fotografie und Video)<\/strong><\/li>\n<\/ul>\n<p>Positionieren Sie sich als kompetenter, moderner und dienstleistungsorientierter Partner. Nutzen Sie starke Bilder und bewegende Videos, um auf Ihrer Webseite, in Publikationen und via SocialMedia Ihre Alleinstellungsmerkmale hervorzuheben.<\/p>\n<p>Warum das FOTOSTUDIO ESSEN? Fotos und Videos Ihres Unternehmens sind weit mehr als Eyecatcher \u2013 sie sind visuelle Verkaufsf\u00f6rderer. Mit unserer Hilfe k\u00f6nnen Sie potenzielle Kunden effizient ansprechen und \u00fcberzeugen. Unsere langj\u00e4hrige Expertise in Businessfotografie und Videoproduktion sorgt daf\u00fcr, dass Ihre visuellen Inhalte gezielt und professionell gestaltet werden.<\/p>\n<p>\u201eNicht die Fakten sind es, die uns bewegen, sondern die Bilder, die wir uns von ihnen machen.\u201c \u2013 Martin Urban<\/p>\n<p>Lassen Sie uns gemeinsam die Bilder und Videos gestalten, die Ihre Sichtbarkeit erh\u00f6hen und Ihr Unternehmen damit voranbringen. Wir freuen uns auf Ihre Kontaktaufnahme!<\/p>\n<div><script async src=\"https:\/\/static.trustlocal.de\/widget\/widget_v2.js\"><\/script>\n<div class=\"trustlocal-widget\" data-id=\"91922\" data-country-code=\"DE\" data-badge=\"default\" data-quote=\"hidden\" data-size=\"small\" data-type=\"landscape\" data-border=\"hidden\" data-theme=\"dark\" data-background=\"transparent\" data-google=\"default\"><\/div><\/div>\n","protected":false},"excerpt":{"rendered":"<p>WILLKOMMEN IM FOTOSTUDIO ESSEN \u2013 IHREM PARTNER F\u00dcR PROFESSIONELLE BUSINESSFOTOGRAFIE UND VIDEOPRODUKTION IN ESSEN! Wir visualisieren Ihr Image! Geben Sie Ihrem Unternehmen ein Gesicht und eine Stimme! Gern unterst\u00fctzen wir Sie mit aussagekr\u00e4ftiger und anspruchsvoller Werbefotografie sowie hochwertigen Videos und &hellip; <a href=\"https:\/\/fotostudio-essen.de\/\">Weiterlesen <span class=\"meta-nav\">&rarr;<\/span><\/a><\/p>\n","protected":false},"author":3,"featured_media":0,"parent":0,"menu_order":1,"comment_status":"closed","ping_status":"open","template":"","meta":{"_acf_changed":false,"footnotes":""},"class_list":["post-43","page","type-page","status-publish","hentry"],"acf":[],"_links":{"self":[{"href":"https:\/\/fotostudio-essen.de\/index.php?rest_route=\/wp\/v2\/pages\/43","targetHints":{"allow":["GET"]}}],"collection":[{"href":"https:\/\/fotostudio-essen.de\/index.php?rest_route=\/wp\/v2\/pages"}],"about":[{"href":"https:\/\/fotostudio-essen.de\/index.php?rest_route=\/wp\/v2\/types\/page"}],"author":[{"embeddable":true,"href":"https:\/\/fotostudio-essen.de\/index.php?rest_route=\/wp\/v2\/users\/3"}],"replies":[{"embeddable":true,"href":"https:\/\/fotostudio-essen.de\/index.php?rest_route=%2Fwp%2Fv2%2Fcomments&post=43"}],"version-history":[{"count":20,"href":"https:\/\/fotostudio-essen.de\/index.php?rest_route=\/wp\/v2\/pages\/43\/revisions"}],"predecessor-version":[{"id":2924,"href":"https:\/\/fotostudio-essen.de\/index.php?rest_route=\/wp\/v2\/pages\/43\/revisions\/2924"}],"wp:attachment":[{"href":"https:\/\/fotostudio-essen.de\/index.php?rest_route=%2Fwp%2Fv2%2Fmedia&parent=43"}],"curies":[{"name":"wp","href":"https:\/\/api.w.org\/{rel}","templated":true}]}}