{"id":33,"date":"2011-04-27T19:25:48","date_gmt":"2011-04-27T19:25:48","guid":{"rendered":"http:\/\/fotostudio-essen.de\/?page_id=33"},"modified":"2025-02-12T10:40:54","modified_gmt":"2025-02-12T10:40:54","slug":"verkaufen","status":"publish","type":"page","link":"https:\/\/fotostudio-essen.de\/?page_id=33","title":{"rendered":"Produktfotografie"},"content":{"rendered":"<p><strong>Produkte &amp; Dienstleistungen<\/strong><\/p>\n<p>Wenn Sie kein Lizenznehmer sind und alle Werbematerialien 1:1 \u00fcbernehmen k\u00f6nnen, ben\u00f6tigen Sie aussagekr\u00e4ftige Fotos Ihrer Produkte und Dienstleistungen, um diese Ihrer Zielgruppe n\u00e4her zu bringen. Dabei gilt: Ein Bild sagt mehr als tausend Worte!<\/p>\n<p>Zeigen Sie, wie Sie arbeiten, womit Sie sich besch\u00e4ftigen oder mit welchen Produkten sie handeln. M\u00f6glicherweise stellen Sie bildlich die Rohstoffe, den Anteil an Handarbeit oder technisch besonders umfangreiche Apparaturen f\u00fcr den Fertigungsprozess vor. Vielleicht arbeiten Sie mit besonders edlen Materialien, die eine immense Bildwirkung haben. In der Produktfotografie kann nahezu jedes Alleinstellungsmerkmal \u00fcberzeugend herausgearbeitet werden \u2013 im Fotostudio oder bei Ihnen vor Ort.<\/p>\n<p>Stellen Sie als Dienstleistungsunternehmen den \u201eDienst\u201c und die \u201eLeistung\u201c in den Mittelpunkt Ihres Bildmaterials! Wenn der Dienst eine Beratungsleistung ist, geht er idealerweise Hand in Hand mit Portraitbildern von Ihnen. Lassen Sie Ihr Gegen\u00fcber bildlich sp\u00fcren, wie wichtig Ihnen Ihre Arbeit ist, wie exakt sie ausgef\u00fchrt wird und wie stark Ihre Liebe zum Detail ist. Auch Motive Ihrer gl\u00fccklichen Kunden bieten sich an.<\/p>\n<p>In der Produkt- und Dienstleistungsfotografie k\u00f6nnen auch gesteuerte optische Metaphern besondere Aufmerksamkeit erregen. \u201eVerkaufen\u201c Sie Backwaren doch mal als Accessoires oder Ern\u00e4hrungsberatung als Wellnessaufenthalt. Gehen Sie Ihren eigenen Weg! Wir beraten Sie gern.<\/p>\n","protected":false},"excerpt":{"rendered":"<p>Produkte &amp; Dienstleistungen Wenn Sie kein Lizenznehmer sind und alle Werbematerialien 1:1 \u00fcbernehmen k\u00f6nnen, ben\u00f6tigen Sie aussagekr\u00e4ftige Fotos Ihrer Produkte und Dienstleistungen, um diese Ihrer Zielgruppe n\u00e4her zu bringen. Dabei gilt: Ein Bild sagt mehr als tausend Worte! Zeigen Sie, &hellip; <a href=\"https:\/\/fotostudio-essen.de\/?page_id=33\">Weiterlesen <span class=\"meta-nav\">&rarr;<\/span><\/a><\/p>\n","protected":false},"author":3,"featured_media":0,"parent":19,"menu_order":0,"comment_status":"closed","ping_status":"open","template":"","meta":{"_acf_changed":false,"footnotes":""},"class_list":["post-33","page","type-page","status-publish","hentry"],"acf":[],"_links":{"self":[{"href":"https:\/\/fotostudio-essen.de\/index.php?rest_route=\/wp\/v2\/pages\/33","targetHints":{"allow":["GET"]}}],"collection":[{"href":"https:\/\/fotostudio-essen.de\/index.php?rest_route=\/wp\/v2\/pages"}],"about":[{"href":"https:\/\/fotostudio-essen.de\/index.php?rest_route=\/wp\/v2\/types\/page"}],"author":[{"embeddable":true,"href":"https:\/\/fotostudio-essen.de\/index.php?rest_route=\/wp\/v2\/users\/3"}],"replies":[{"embeddable":true,"href":"https:\/\/fotostudio-essen.de\/index.php?rest_route=%2Fwp%2Fv2%2Fcomments&post=33"}],"version-history":[{"count":4,"href":"https:\/\/fotostudio-essen.de\/index.php?rest_route=\/wp\/v2\/pages\/33\/revisions"}],"predecessor-version":[{"id":2941,"href":"https:\/\/fotostudio-essen.de\/index.php?rest_route=\/wp\/v2\/pages\/33\/revisions\/2941"}],"up":[{"embeddable":true,"href":"https:\/\/fotostudio-essen.de\/index.php?rest_route=\/wp\/v2\/pages\/19"}],"wp:attachment":[{"href":"https:\/\/fotostudio-essen.de\/index.php?rest_route=%2Fwp%2Fv2%2Fmedia&parent=33"}],"curies":[{"name":"wp","href":"https:\/\/api.w.org\/{rel}","templated":true}]}}