{"id":25,"date":"2011-04-27T19:24:54","date_gmt":"2011-04-27T19:24:54","guid":{"rendered":"http:\/\/fotostudio-essen.de\/?page_id=25"},"modified":"2025-02-12T10:41:16","modified_gmt":"2025-02-12T10:41:16","slug":"verorten","status":"publish","type":"page","link":"https:\/\/fotostudio-essen.de\/?page_id=25","title":{"rendered":"Gesch\u00e4ftsr\u00e4ume\/Architektur"},"content":{"rendered":"<p><strong>Gesch\u00e4ftsr\u00e4ume &amp; Architektur<\/strong><\/p>\n<p>Bei Fotografien von Gesch\u00e4ftsr\u00e4umen denkt man zun\u00e4chst vielleicht an weitwinklig fotografierte, aufger\u00e4umte und adrett eingerichtete Gesch\u00e4fte, Praxen und B\u00fcros \u2013 wie man es aus Architekturmagazinen kennt. In der Realit\u00e4t hat sich aber gezeigt, dass solche Bilder h\u00e4ufig dann besonders sympathisch wirken, wenn dem Betrachter zus\u00e4tzlich eine kleine Geschichte erz\u00e4hlt wird oder eine Interaktion stattfindet. Das gilt insbesondere f\u00fcr R\u00e4umlichkeiten im Dienstleistungssektor: Bei Branchen, die eher notwendigerweise aufgesucht werden, wie etwa Arztpraxen, Steuer- oder Rechtsanwaltskanzleien, kann so dem zuk\u00fcnftigen Patienten\/Mandanten h\u00e4ufig schon seine Unsicherheit genommen werden und es f\u00e4llt ihm leichter, mit dem Experten in Kontakt zu treten. Auch im Bereich Beauty und Wellness bietet sich dieses Vorgehen an. Warum? Weil der Kunde Ihrer Leistung kaum mehr widerstehen kann, wenn er das Massage\u00f6l durch entsprechendes Bildmaterial schon beinahe riechen und auf seiner Haut sp\u00fcren kann. Kurzum: Manchmal geht die reine Location-Fotografie in Portraitaufnahmen oder Produktfotografie \u00fcber.<\/p>\n<p>Bei einem Fototermin in Ihrem Unternehmen empfehlen wir zus\u00e4tzliche Detailaufnahmen z.B. von Produkten, Werkzeugen und Logos oder Beschriftungen. Diese Aufnahmen k\u00f6nnen gezielt in Ihr Werbematerial oder Ihren Online-Auftritt integriert werden, da sie komplett auf Ihr Unternehmen zugeschnitten sind.<\/p>\n<p>F\u00fcr Kunden, die \u00fcber Innenaufnahmen hinaus auch die Fassade oder spezielle Bildinformationen zur Lage der Gesch\u00e4ftsr\u00e4ume zeigen m\u00f6chten, bieten wir neben klassischen Aufnahmetechniken auch professionelle Luftbilder an.<\/p>\n","protected":false},"excerpt":{"rendered":"<p>Gesch\u00e4ftsr\u00e4ume &amp; Architektur Bei Fotografien von Gesch\u00e4ftsr\u00e4umen denkt man zun\u00e4chst vielleicht an weitwinklig fotografierte, aufger\u00e4umte und adrett eingerichtete Gesch\u00e4fte, Praxen und B\u00fcros \u2013 wie man es aus Architekturmagazinen kennt. In der Realit\u00e4t hat sich aber gezeigt, dass solche Bilder h\u00e4ufig &hellip; <a href=\"https:\/\/fotostudio-essen.de\/?page_id=25\">Weiterlesen <span class=\"meta-nav\">&rarr;<\/span><\/a><\/p>\n","protected":false},"author":3,"featured_media":0,"parent":19,"menu_order":0,"comment_status":"closed","ping_status":"open","template":"","meta":{"_acf_changed":false,"footnotes":""},"class_list":["post-25","page","type-page","status-publish","hentry"],"acf":[],"_links":{"self":[{"href":"https:\/\/fotostudio-essen.de\/index.php?rest_route=\/wp\/v2\/pages\/25","targetHints":{"allow":["GET"]}}],"collection":[{"href":"https:\/\/fotostudio-essen.de\/index.php?rest_route=\/wp\/v2\/pages"}],"about":[{"href":"https:\/\/fotostudio-essen.de\/index.php?rest_route=\/wp\/v2\/types\/page"}],"author":[{"embeddable":true,"href":"https:\/\/fotostudio-essen.de\/index.php?rest_route=\/wp\/v2\/users\/3"}],"replies":[{"embeddable":true,"href":"https:\/\/fotostudio-essen.de\/index.php?rest_route=%2Fwp%2Fv2%2Fcomments&post=25"}],"version-history":[{"count":4,"href":"https:\/\/fotostudio-essen.de\/index.php?rest_route=\/wp\/v2\/pages\/25\/revisions"}],"predecessor-version":[{"id":2942,"href":"https:\/\/fotostudio-essen.de\/index.php?rest_route=\/wp\/v2\/pages\/25\/revisions\/2942"}],"up":[{"embeddable":true,"href":"https:\/\/fotostudio-essen.de\/index.php?rest_route=\/wp\/v2\/pages\/19"}],"wp:attachment":[{"href":"https:\/\/fotostudio-essen.de\/index.php?rest_route=%2Fwp%2Fv2%2Fmedia&parent=25"}],"curies":[{"name":"wp","href":"https:\/\/api.w.org\/{rel}","templated":true}]}}